{"id":2340,"date":"2016-07-04T12:36:03","date_gmt":"2016-07-04T12:36:03","guid":{"rendered":"http:\/\/www.fasoulasheavytransportations.gr\/?page_id=2340"},"modified":"2016-11-20T12:53:19","modified_gmt":"2016-11-20T12:53:19","slug":"startseite","status":"publish","type":"page","link":"http:\/\/www.fasoulasheavytransportations.gr\/?page_id=2340&lang=de","title":{"rendered":"Startseite"},"content":{"rendered":"<div id=\"pl-2340\"><div class=\"panel-grid\" id=\"pg-2340-0\" ><div class=\"siteorigin-panels-stretch panel-row-style\" style=\"background-color:#eeeeee;\" data-stretch-type=\"full\" ><div class=\"panel-grid-cell\" id=\"pgc-2340-0-0\" ><div class=\"so-panel widget widget_pt_banner widget-banner panel-first-child panel-last-child\" id=\"panel-2340-0-0-0\" data-index=\"0\">\t\t\t\t<div class=\"banner__text\">\n\t\t\t\t\tSie suchen eine Qualit\u00e4t und g\u00fcnstige Sonderschwertransporte?\t\t\t\t<\/div>\n\t\t\t\t<div class=\"banner__buttons\">\n\t\t\t\t\t<a class=\"btn  btn-primary\" href=\"?page_id=2373&amp;lang=de\" target=\"_self\">Kontakt<\/a> \t\t\t\t<\/div>\n\t\t\t<\/div><\/div><\/div><\/div><div class=\"panel-grid\" id=\"pg-2340-1\" ><div class=\"siteorigin-panels-stretch panel-row-style\" style=\"background-color:#454545;\" data-stretch-type=\"full\" ><div class=\"panel-grid-cell\" id=\"pgc-2340-1-0\" ><div class=\"so-panel widget widget_ess-grid-widget widget_ess_grid panel-first-child panel-last-child\" id=\"panel-2340-1-0-0\" data-index=\"1\"><\/div><\/div><\/div><\/div><div class=\"panel-grid\" id=\"pg-2340-2\" ><div class=\"panel-grid-cell\" id=\"pgc-2340-2-0\" ><div class=\"so-panel widget widget_text panel-first-child\" id=\"panel-2340-2-0-0\" data-index=\"2\">\t\t\t<div class=\"textwidget\"><\/div>\n\t\t<\/div><div class=\"so-panel widget widget_black-studio-tinymce widget_black_studio_tinymce panel-last-child\" id=\"panel-2340-2-0-1\" data-index=\"3\"><h3 class=\"widget-title\">Warum sollten Sie uns ausw\u00e4hlen<\/h3><div class=\"textwidget\"><h5><span style=\"color: #fcc71f;\"><br \/>\n<span class=\"icon-container\"><span class=\"fa fa-check\"><\/span><\/span><\/span> <span style=\"color: #333333;\">Sicherheit ist unsere Aufgabe<\/span><\/h5>\n<p>Wir haben erwiesene historische Errungenschaften uns sind eine glaubw\u00fcrdige Firma in Griechenland. Wir k\u00f6nnen Ihnen gew\u00e4hrleisten, dass alle unsere Auftr\u00e4ge professionell und mit Sicherheit durchgef\u00fchrt werden.<\/p>\n<h5><span style=\"color: #fcc71f;\"><br \/>\n<span class=\"icon-container\"><span class=\"fa fa-check\"><\/span><\/span><\/span>Glaubw\u00fcrdigkeit und Ehrlichkeit<\/h5>\n<p>F\u00fcr uns ist Ehrlichkeit die einzige Firmenpolitik um alle Auftr\u00e4ge vollst\u00e4ndlich abzuschlie\u00dfen. Nicht nur unseren Kunden gegen\u00fcber aber auch unseren Lieferanten und Auftragnehmern. Mit tausenden gelungenen Auftr\u00e4gen unter unserer Leitung sind wir die glaubw\u00fcrdigste Transportfirma in Griechnland.<\/p>\n<h5><span style=\"color: #fcc71f;\"><br \/>\n<span class=\"icon-container\"><span class=\"fa fa-check\"><\/span><\/span><\/span> <span style=\"color: #333333;\">Unser Ziel, immer das Beste<\/span><\/h5>\n<p>Wir verpflichten uns, alle Auftr\u00e4ge nach Zeitplan zu vollenden. Wir benutzen die Besten Maschinen und Werkzeuge um Ihnen zu versichern, dass alle Auftr\u00e4ge schnell aber auch mit Aufmerksamkeit zum Detail durchgef\u00fchrt werden.<\/p>\n<\/div><\/div><\/div><div class=\"panel-grid-cell\" id=\"pgc-2340-2-1\" ><div class=\"so-panel widget widget_text panel-first-child\" id=\"panel-2340-2-1-0\" data-index=\"4\">\t\t\t<div class=\"textwidget\"><\/div>\n\t\t<\/div><div class=\"so-panel widget widget_black-studio-tinymce widget_black_studio_tinymce panel-last-child\" id=\"panel-2340-2-1-1\" data-index=\"5\"><h3 class=\"widget-title\">Wer wir sind<\/h3><div class=\"textwidget\"><p><img loading=\"lazy\" decoding=\"async\" class=\"size-medium wp-image-2443 alignleft\" src=\"http:\/\/www.fasoulasheavytransportations.gr\/wp-content\/uploads\/2016\/07\/PC031023-300x225.jpg\" alt=\"OLYMPUS DIGITAL CAMERA\" width=\"300\" height=\"225\" srcset=\"http:\/\/www.fasoulasheavytransportations.gr\/wp-content\/uploads\/2016\/07\/PC031023-300x225.jpg 300w, http:\/\/www.fasoulasheavytransportations.gr\/wp-content\/uploads\/2016\/07\/PC031023.jpg 640w, http:\/\/www.fasoulasheavytransportations.gr\/wp-content\/uploads\/2016\/07\/PC031023-555x416.jpg 555w, http:\/\/www.fasoulasheavytransportations.gr\/wp-content\/uploads\/2016\/07\/PC031023-100x75.jpg 100w\" sizes=\"auto, (max-width: 300px) 100vw, 300px\" \/>Willkommen auf unserer Webseite mit Sitz in Ptolemaida im Bezirk Kozani in Nordgriechenland. Unsere Firma spezialisiert sich auf den Transport schwerer Ladung in Griechenland aber auch im Ausland. Wir beraten, informieren und analysieren unseren Kunden die Art unserer Arbeit und nat\u00fcrlich die M\u00f6glichkeiten des guten und sicheren Transports Ihrer Ladung. Unsere Firma spezialisiert sich auf den Transport hyperschweren und hypergro\u00dfen Ladung in Griechenland und in Europa.<\/p>\n<\/div><\/div><\/div><\/div><div class=\"panel-grid\" id=\"pg-2340-3\" ><div class=\"siteorigin-panels-stretch panel-row-style\" style=\"padding: 30px;background-color:#eeeeee;background-image: url(http:\/\/www.fasoulasheavytransportations.gr\/wp-content\/uploads\/2014\/12\/title-area-pattern.png);background-repeat: repeat;\" data-stretch-type=\"full\" ><div class=\"panel-grid-cell\" id=\"pgc-2340-3-0\" ><div class=\"so-panel widget widget_pt_testimonials widget-testimonials panel-first-child panel-last-child\" id=\"panel-2340-3-0-0\" data-index=\"6\">\n\t\t\t<div class=\"testimonial\">\n\t\t\t\t<h2 class=\"widget-title\">\n\t\t\t\t\n\t\t\t\t\tTestimonials\t\t\t\t<\/h2>\n\t\t\t\t<div id=\"carousel-testimonials-widget-3-0-0\" class=\"carousel slide\" >\n\t\t\t\t\t<!-- Wrapper for slides -->\n\t\t\t\t\t<div class=\"carousel-inner\" role=\"listbox\">\n\t\t\t\t\t\t<div class=\"item active\">\n\t\t\t\t\t\t\t<div class=\"row\">\n\t\t\t\t\t\t\t\t\t\t\t\t\t\t\t\t\t\t\t\t\t\t\t<div class=\"col-xs-12  col-sm-6\">\n\t\t\t\t\t\t\t\t\t<blockquote class=\"testimonial__quote\">\n\t\t\t\t\t\t\t\t\t\tWir informieren und beraten unsere Kunden analysieren wir die Art, wie wir, als auch die M\u00f6glichkeiten der guten und sicheren Transport ihrer Fracht arbeiten. Gegr\u00fcndet im Jahr 2006, und unser General Manager verf\u00fcgt \u00fcber 20 Jahre Erfahrung im allgemeinen Transport schwerer Lasten in Griechenland, europ\u00e4ischen und internationalen, handhaben , zu beraten, Pionier und endet die Anforderungen des jeweiligen Kunden.\t\t\t\t\t\t\t\t\t<\/blockquote>\n\t\t\t\t\t\t\t\t\t<cite class=\"testimonial__author\">\n\t\t\t\t\t\t\t\t\t\tFasoulas\t\t\t\t\t\t\t\t\t<\/cite>\n\n\t\t\t\t\t\t\t\t\t\t\t\t\t\t\t\t\t\t\t<div class=\"testimonial__rating\">\n\t\t\t\t\t\t\t\t\t\t<i class=\"fa  fa-star\"><\/i><i class=\"fa  fa-star\"><\/i><i class=\"fa  fa-star\"><\/i><i class=\"fa  fa-star\"><\/i><i class=\"fa  fa-star\"><\/i>\t\t\t\t\t\t\t\t\t\t<\/div>\n\t\t\t\t\t\t\t\t\t\t\t\t\t\t\t\t\t<\/div>\n\t\t\t\t\t\t\t\t\t\t\t\t\t\t\t\t\t\t\t\t\t\t\t<div class=\"col-xs-12  col-sm-6\">\n\t\t\t\t\t\t\t\t\t<blockquote class=\"testimonial__quote\">\n\t\t\t\t\t\t\t\t\t\tF\u00fcr uns ist Ehrlichkeit die einzige Politik, und wir bem\u00fchen uns, alle Projekte mit Integrit\u00e4t zu vervollst\u00e4ndigen, nicht nur bei unseren Kunden, sondern auch unsere Lieferanten und Auftragnehmer. Mit Tausenden von erfolgreichen Projekten unter unseren G\u00fcrtel sind wir einer der zuverl\u00e4ssigsten Transportunternehmen in Griechenland.\t\t\t\t\t\t\t\t\t<\/blockquote>\n\t\t\t\t\t\t\t\t\t<cite class=\"testimonial__author\">\n\t\t\t\t\t\t\t\t\t\tVasilis Patoulis\t\t\t\t\t\t\t\t\t<\/cite>\n\n\t\t\t\t\t\t\t\t\t\t\t\t\t\t\t\t\t\t\t<div class=\"testimonial__rating\">\n\t\t\t\t\t\t\t\t\t\t<i class=\"fa  fa-star\"><\/i><i class=\"fa  fa-star\"><\/i><i class=\"fa  fa-star\"><\/i><i class=\"fa  fa-star\"><\/i><i class=\"fa  fa-star\"><\/i>\t\t\t\t\t\t\t\t\t\t<\/div>\n\t\t\t\t\t\t\t\t\t\t\t\t\t\t\t\t\t<\/div>\n\t\t\t\t\t\t\t\t\t\t\t\t\t\t<\/div>\n\t\t\t\t\t\t<\/div>\n\t\t\t\t\t<\/div>\n\t\t\t\t<\/div>\n\t\t\t<\/div>\n\n\t\t\t<\/div><\/div><\/div><\/div><div class=\"panel-grid\" id=\"pg-2340-4\" ><div class=\"siteorigin-panels-stretch panel-row-style\" style=\"padding: 30px;background-color:#e8b71f;background-image: url(http:\/\/www.fasoulasheavytransportations.gr\/wp-content\/uploads\/2014\/12\/motivational-background1.jpg);background-size: cover;\" data-stretch-type=\"full\" ><div class=\"panel-grid-cell\" id=\"pgc-2340-4-0\" ><div class=\"so-panel widget widget_text panel-first-child panel-last-child\" id=\"panel-2340-4-0-0\" data-index=\"7\">\t\t\t<div class=\"textwidget\"><div class=\"motivational-text\">Das qualifizierte Personal, mit den letzteren Typs Fahrzeuge sind 24 Stunden am Tag, 7 Tage die Woche, um sicherzustellen, und jede Verkehrsplan zu machen.<\/div><\/div>\n\t\t<\/div><\/div><\/div><\/div><div class=\"panel-grid\" id=\"pg-2340-5\" ><div class=\"panel-grid-cell\" id=\"pgc-2340-5-0\" ><div class=\"so-panel widget widget_text panel-first-child panel-last-child\" id=\"panel-2340-5-0-0\" data-index=\"8\"><h3 class=\"widget-title\">Kunden \/ Partner<\/h3>\t\t\t<div class=\"textwidget\"><div class=\"logo-panel\">\n  <div class=\"row\">\n  <div class=\"col-xs-12  col-sm-2\">\n      <img decoding=\"async\" src=\"http:\/\/www.fasoulasheavytransportations.gr\/wp-content\/uploads\/2016\/07\/logo_aktor-e1467642664705.png\" alt=\"Client\">\n    <\/div>\n    <div class=\"col-xs-12  col-sm-2\">\n      <img decoding=\"async\" src=\"http:\/\/www.fasoulasheavytransportations.gr\/wp-content\/uploads\/2016\/07\/logo.png\" alt=\"Client\">\n    <\/div>\n    <div class=\"col-xs-12  col-sm-2\">\n      <img decoding=\"async\" src=\"http:\/\/www.fasoulasheavytransportations.gr\/wp-content\/uploads\/2016\/07\/imas-logo.jpg\" alt=\"Client\">\n    <\/div>\n    <div class=\"col-xs-12  col-sm-2\">\n      <img decoding=\"async\" src=\"http:\/\/www.fasoulasheavytransportations.gr\/wp-content\/uploads\/2016\/07\/dei.png\" alt=\"Client\">\n    <\/div>\n    <div class=\"col-xs-12  col-sm-2\">\n      <img decoding=\"async\" src=\"http:\/\/www.fasoulasheavytransportations.gr\/wp-content\/uploads\/2016\/07\/Eltrak-logo.png\" alt=\"Client\">\n    <\/div>\n    <div class=\"col-xs-12  col-sm-2\">\n      <img decoding=\"async\" src=\"http:\/\/www.fasoulasheavytransportations.gr\/wp-content\/uploads\/2016\/07\/samaras.png\" alt=\"Client\">\n    <\/div>\n  <\/div>\n<\/div><\/div>\n\t\t<\/div><\/div><\/div><\/div>","protected":false},"excerpt":{"rendered":"<p>Sie suchen eine Qualit\u00e4t und g\u00fcnstige Sonderschwertransporte? Kontakt Warum sollten Sie uns ausw\u00e4hlen Sicherheit ist unsere Aufgabe Wir haben erwiesene historische Errungenschaften uns sind eine glaubw\u00fcrdige Firma in Griechenland. Wir k\u00f6nnen Ihnen gew\u00e4hrleisten, dass alle unsere Auftr\u00e4ge professionell und mit Sicherheit durchgef\u00fchrt werden. Glaubw\u00fcrdigkeit und Ehrlichkeit F\u00fcr uns ist Ehrlichkeit die einzige Firmenpolitik um alle &hellip;<\/p>\n","protected":false},"author":1,"featured_media":0,"parent":0,"menu_order":0,"comment_status":"closed","ping_status":"closed","template":"template-front-page-slider.php","meta":{"footnotes":""},"class_list":["post-2340","page","type-page","status-publish","hentry"],"_links":{"self":[{"href":"http:\/\/www.fasoulasheavytransportations.gr\/index.php?rest_route=\/wp\/v2\/pages\/2340","targetHints":{"allow":["GET"]}}],"collection":[{"href":"http:\/\/www.fasoulasheavytransportations.gr\/index.php?rest_route=\/wp\/v2\/pages"}],"about":[{"href":"http:\/\/www.fasoulasheavytransportations.gr\/index.php?rest_route=\/wp\/v2\/types\/page"}],"author":[{"embeddable":true,"href":"http:\/\/www.fasoulasheavytransportations.gr\/index.php?rest_route=\/wp\/v2\/users\/1"}],"replies":[{"embeddable":true,"href":"http:\/\/www.fasoulasheavytransportations.gr\/index.php?rest_route=%2Fwp%2Fv2%2Fcomments&post=2340"}],"version-history":[{"count":20,"href":"http:\/\/www.fasoulasheavytransportations.gr\/index.php?rest_route=\/wp\/v2\/pages\/2340\/revisions"}],"predecessor-version":[{"id":2442,"href":"http:\/\/www.fasoulasheavytransportations.gr\/index.php?rest_route=\/wp\/v2\/pages\/2340\/revisions\/2442"}],"wp:attachment":[{"href":"http:\/\/www.fasoulasheavytransportations.gr\/index.php?rest_route=%2Fwp%2Fv2%2Fmedia&parent=2340"}],"curies":[{"name":"wp","href":"https:\/\/api.w.org\/{rel}","templated":true}]}}